{"id":815,"date":"2013-01-09T18:49:29","date_gmt":"2013-01-09T16:49:29","guid":{"rendered":"http:\/\/fotostudio-hanses.de\/?page_id=815"},"modified":"2015-01-20T12:46:51","modified_gmt":"2015-01-20T10:46:51","slug":"hochzeit-preisen","status":"publish","type":"page","link":"https:\/\/fotostudio-hanses.de\/?page_id=815","title":{"rendered":"Hochzeit Preisen"},"content":{"rendered":"<h3><strong><span style=\"text-decoration: underline;\">Basis-Paket<\/span><\/strong><\/h3>\n<h4><em>20\u00a0 Portraits 13 x 18<\/em><\/h4>\n<h4><em>40\u00a0 Reportagefotos 10 x 15<\/em><\/h4>\n<h4><em>Vor, w\u00e4hrend und nach dem Standesamt oder der Kirche<\/em><\/h4>\n<h4>\u00a0<strong>385 \u20ac<\/strong><\/h4>\n<h3><\/h3>\n<h3><strong><span style=\"text-decoration: underline;\">Klassik-Paket<\/span><\/strong><\/h3>\n<h4><em>30\u00a0 Portraits 13 X 18 <\/em><\/h4>\n<h4><em>60\u00a0 Reportagebilder 10 x 15, 1\u00a0 Poster A3,<\/em><\/h4>\n<h4><em>\u00a0Vor, w\u00e4hrend und nach dem Standesamt oder der Kirche <\/em><\/h4>\n<h4><strong>550 \u20ac<\/strong><\/h4>\n<h3><\/h3>\n<h3><strong><span style=\"text-decoration: underline;\">Exklusiv- Paket<\/span><\/strong><\/h3>\n<h4><em>50\u00a0 Portraits 13 x 18<\/em><\/h4>\n<h4><em>100\u00a0\u00a0 Reportagefotos 10 x 15,\u00a0\u00a0 1\u00a0 Poster A3, 1\u00a0 Mini Poster 20 x 30<\/em><\/h4>\n<h4><em>Vor, w\u00e4hrend und nach dem Standesamt und der Kirche<\/em><\/h4>\n<h4><strong>\u00a0<\/strong>( am selben Tag, ohne Party)<\/h4>\n<h4><strong>750 \u20ac<\/strong><\/h4>\n<h3><\/h3>\n<h3><strong><span style=\"text-decoration: underline;\">Premium-Paket<\/span><\/strong><\/h3>\n<h4><em>Vor, w\u00e4hrend und nach dem Standesamt und der Kirche, sowie\u00a0 Fotoreportage &amp; die Party,<\/em><em> Begleitung von morgens bis Abend,( nicht mehr als 14 Stunden) mit dazwischenliegenden Pausen. 60\u00a0 Portraits, 60\u00a0 Bilder Fotoreportage Schminken, Fris\u00f6r, Ankleiden, 400 Reportagefotos als Fotoabz\u00fcge 10 x 15.<\/em><\/h4>\n<h4><em><\/em>\u00a0Anzahl Bilder in voller Aufl\u00f6sung als Fotodatei, ohne Wasserzeichen oder Logo auf CD.<\/h4>\n<h4><strong>1470 \u20ac <\/strong><\/h4>\n<p>&nbsp;<\/p>\n<h4><em>Weitere Fotos k\u00f6nnen Sie und Ihre G\u00e4ste im Internet \u00fcber unsere Webseite mit einem individuellen Zugangscode einsehen und bestellen.<\/em><\/h4>\n<h3><\/h3>\n<h3><span style=\"text-decoration: underline; color: #0000ff;\"><strong>Hochzeitsfotobucher\u00a0 f\u00fcr\u00a0<\/strong><strong>Premium,\u00a0<\/strong><strong>Basis, Klassik und Exklusiv-Paket\u00a0<\/strong><\/span><\/h3>\n<h3><\/h3>\n<p>&nbsp;<\/p>\n<h3><strong><span style=\"text-decoration: underline;\">Optional:<\/span><\/strong><\/h3>\n<h4><em>Indiiduelles Exklusives\u00a0 Fotobuch\u00a0 mit 26 Seiten (45 x 30)<\/em>\u00a0\u00a0 <strong>229 \u20ac<\/strong><\/h4>\n<h4><strong>Jede weitere Seite 5 \u20ac<\/strong><\/h4>\n<h4><em>Indiiduelles Fotobuch 19 x 28)<\/em>\u00a0 <strong>120 \u20ac<\/strong><\/h4>\n<h4><strong>Jede weitere Seite 3,50<\/strong><\/h4>\n<h4><strong><\/strong><strong>\u00a0Wir machen Ihnen gerne auch ein individuelles Angebot auf Ihre \u00a0 \u00a0W\u00fcnsche abgestimmt!<\/strong><\/h4>\n<h4>Bei jedem Paket bekommen Sie die angegebene Anzahl Bilder bearbeitet, in voller Aufl\u00f6sung, ohne Wasserzeichen oder Logo CD s\u00e4mtliche Nutzungs- und Vervielf\u00e4ltigungsrechte f\u00fcr den privaten Gebrauch.<strong><\/strong><\/h4>\n","protected":false},"excerpt":{"rendered":"<p>Basis-Paket 20\u00a0 Portraits 13 x 18 40\u00a0 Reportagefotos 10 x 15 Vor, w\u00e4hrend und nach dem Standesamt oder der Kirche \u00a0385 \u20ac Klassik-Paket 30\u00a0 Portraits 13 X 18 60\u00a0 Reportagebilder 10 x 15, 1\u00a0 Poster A3, \u00a0Vor, w\u00e4hrend und nach dem Standesamt oder der Kirche 550 \u20ac Exklusiv- Paket 50\u00a0 &#8230;<\/p>\n","protected":false},"author":2,"featured_media":0,"parent":0,"menu_order":0,"comment_status":"closed","ping_status":"closed","template":"template-full-width.php","meta":{"ngg_post_thumbnail":0,"footnotes":""},"class_list":["post-815","page","type-page","status-publish","hentry","column","twocol"],"_links":{"self":[{"href":"https:\/\/fotostudio-hanses.de\/index.php?rest_route=\/wp\/v2\/pages\/815","targetHints":{"allow":["GET"]}}],"collection":[{"href":"https:\/\/fotostudio-hanses.de\/index.php?rest_route=\/wp\/v2\/pages"}],"about":[{"href":"https:\/\/fotostudio-hanses.de\/index.php?rest_route=\/wp\/v2\/types\/page"}],"author":[{"embeddable":true,"href":"https:\/\/fotostudio-hanses.de\/index.php?rest_route=\/wp\/v2\/users\/2"}],"replies":[{"embeddable":true,"href":"https:\/\/fotostudio-hanses.de\/index.php?rest_route=%2Fwp%2Fv2%2Fcomments&post=815"}],"version-history":[{"count":7,"href":"https:\/\/fotostudio-hanses.de\/index.php?rest_route=\/wp\/v2\/pages\/815\/revisions"}],"predecessor-version":[{"id":817,"href":"https:\/\/fotostudio-hanses.de\/index.php?rest_route=\/wp\/v2\/pages\/815\/revisions\/817"}],"wp:attachment":[{"href":"https:\/\/fotostudio-hanses.de\/index.php?rest_route=%2Fwp%2Fv2%2Fmedia&parent=815"}],"curies":[{"name":"wp","href":"https:\/\/api.w.org\/{rel}","templated":true}]}}