{"id":674,"date":"2012-12-19T17:44:59","date_gmt":"2012-12-19T15:44:59","guid":{"rendered":"http:\/\/fotostudio-hanses.de\/?page_id=674"},"modified":"2013-01-08T20:25:26","modified_gmt":"2013-01-08T18:25:26","slug":"bewerbungsfotos-2","status":"publish","type":"page","link":"https:\/\/fotostudio-hanses.de\/?page_id=674","title":{"rendered":"Bewerbungsfotos Galerie"},"content":{"rendered":"<!-- index.php -->\n<div\n\tclass=\"ngg-galleryoverview ngg-ajax-pagination-none\"\n\tid=\"ngg-gallery-d2c7b24f7404d5f330b26570840997c7-1\">\n\n    \t<div class=\"slideshowlink\">\n        <a href='https:\/\/fotostudio-hanses.de\/index.php\/nggallery\/slideshow?page_id=674'>[Show as slideshow]<\/a>\n\t\t\n\t<\/div>\n\t\t\t<!-- Thumbnails -->\n\t\t\t\t<div id=\"ngg-image-0\" class=\"ngg-gallery-thumbnail-box\" >\n\t\t\t\t        <div class=\"ngg-gallery-thumbnail\">\n            <a href=\"https:\/\/fotostudio-hanses.de\/wp-content\/gallery\/bewerbungsfotos\/fotostusio-hanses-bewerbungsfotos-1.jpg\"\n               title=\"\"\n               data-src=\"https:\/\/fotostudio-hanses.de\/wp-content\/gallery\/bewerbungsfotos\/fotostusio-hanses-bewerbungsfotos-1.jpg\"\n               data-thumbnail=\"https:\/\/fotostudio-hanses.de\/wp-content\/gallery\/bewerbungsfotos\/thumbs\/thumbs_fotostusio-hanses-bewerbungsfotos-1.jpg\"\n               data-image-id=\"424\"\n               data-title=\"fotostusio-hanses-bewerbungsfotos-1\"\n               data-description=\"\"\n               data-image-slug=\"fotostusio-hanses-bewerbungsfotos-1\"\n               class=\"ngg-simplelightbox\" rel=\"d2c7b24f7404d5f330b26570840997c7\">\n                <img\n                    title=\"fotostusio-hanses-bewerbungsfotos-1\"\n                    alt=\"fotostusio-hanses-bewerbungsfotos-1\"\n                    src=\"https:\/\/fotostudio-hanses.de\/wp-content\/gallery\/bewerbungsfotos\/thumbs\/thumbs_fotostusio-hanses-bewerbungsfotos-1.jpg\"\n                    width=\"100\"\n                    height=\"75\"\n                    style=\"max-width:100%;\"\n                \/>\n            <\/a>\n        <\/div>\n\t\t\t\t\t\t\t<\/div> \n\t\t\t\n        \n\t\t\t\t<div id=\"ngg-image-1\" class=\"ngg-gallery-thumbnail-box\" >\n\t\t\t\t        <div class=\"ngg-gallery-thumbnail\">\n            <a href=\"https:\/\/fotostudio-hanses.de\/wp-content\/gallery\/bewerbungsfotos\/fotostusio-hanses-bewerbungsfotos-2.jpg\"\n               title=\"\"\n               data-src=\"https:\/\/fotostudio-hanses.de\/wp-content\/gallery\/bewerbungsfotos\/fotostusio-hanses-bewerbungsfotos-2.jpg\"\n               data-thumbnail=\"https:\/\/fotostudio-hanses.de\/wp-content\/gallery\/bewerbungsfotos\/thumbs\/thumbs_fotostusio-hanses-bewerbungsfotos-2.jpg\"\n               data-image-id=\"425\"\n               data-title=\"fotostusio-hanses-bewerbungsfotos-2\"\n               data-description=\"\"\n               data-image-slug=\"fotostusio-hanses-bewerbungsfotos-2\"\n               class=\"ngg-simplelightbox\" rel=\"d2c7b24f7404d5f330b26570840997c7\">\n                <img\n                    title=\"fotostusio-hanses-bewerbungsfotos-2\"\n                    alt=\"fotostusio-hanses-bewerbungsfotos-2\"\n                    src=\"https:\/\/fotostudio-hanses.de\/wp-content\/gallery\/bewerbungsfotos\/thumbs\/thumbs_fotostusio-hanses-bewerbungsfotos-2.jpg\"\n                    width=\"100\"\n                    height=\"75\"\n                    style=\"max-width:100%;\"\n                \/>\n            <\/a>\n        <\/div>\n\t\t\t\t\t\t\t<\/div> \n\t\t\t\n        \n\t\t\t\t<div id=\"ngg-image-2\" class=\"ngg-gallery-thumbnail-box\" >\n\t\t\t\t        <div class=\"ngg-gallery-thumbnail\">\n            <a href=\"https:\/\/fotostudio-hanses.de\/wp-content\/gallery\/bewerbungsfotos\/fotostusio-hanses-bewerbungsfotos-3.jpg\"\n               title=\"\"\n               data-src=\"https:\/\/fotostudio-hanses.de\/wp-content\/gallery\/bewerbungsfotos\/fotostusio-hanses-bewerbungsfotos-3.jpg\"\n               data-thumbnail=\"https:\/\/fotostudio-hanses.de\/wp-content\/gallery\/bewerbungsfotos\/thumbs\/thumbs_fotostusio-hanses-bewerbungsfotos-3.jpg\"\n               data-image-id=\"426\"\n               data-title=\"fotostusio-hanses-bewerbungsfotos-3\"\n               data-description=\"\"\n               data-image-slug=\"fotostusio-hanses-bewerbungsfotos-3\"\n               class=\"ngg-simplelightbox\" rel=\"d2c7b24f7404d5f330b26570840997c7\">\n                <img\n                    title=\"fotostusio-hanses-bewerbungsfotos-3\"\n                    alt=\"fotostusio-hanses-bewerbungsfotos-3\"\n                    src=\"https:\/\/fotostudio-hanses.de\/wp-content\/gallery\/bewerbungsfotos\/thumbs\/thumbs_fotostusio-hanses-bewerbungsfotos-3.jpg\"\n                    width=\"100\"\n                    height=\"75\"\n                    style=\"max-width:100%;\"\n                \/>\n            <\/a>\n        <\/div>\n\t\t\t\t\t\t\t<\/div> \n\t\t\t\n        \n\t\t\t\t<div id=\"ngg-image-3\" class=\"ngg-gallery-thumbnail-box\" >\n\t\t\t\t        <div class=\"ngg-gallery-thumbnail\">\n            <a href=\"https:\/\/fotostudio-hanses.de\/wp-content\/gallery\/bewerbungsfotos\/fotostusio-hanses-bewerbungsfotos-4.jpg\"\n               title=\"\"\n               data-src=\"https:\/\/fotostudio-hanses.de\/wp-content\/gallery\/bewerbungsfotos\/fotostusio-hanses-bewerbungsfotos-4.jpg\"\n               data-thumbnail=\"https:\/\/fotostudio-hanses.de\/wp-content\/gallery\/bewerbungsfotos\/thumbs\/thumbs_fotostusio-hanses-bewerbungsfotos-4.jpg\"\n               data-image-id=\"427\"\n               data-title=\"fotostusio-hanses-bewerbungsfotos-4\"\n               data-description=\"\"\n               data-image-slug=\"fotostusio-hanses-bewerbungsfotos-4\"\n               class=\"ngg-simplelightbox\" rel=\"d2c7b24f7404d5f330b26570840997c7\">\n                <img\n                    title=\"fotostusio-hanses-bewerbungsfotos-4\"\n                    alt=\"fotostusio-hanses-bewerbungsfotos-4\"\n                    src=\"https:\/\/fotostudio-hanses.de\/wp-content\/gallery\/bewerbungsfotos\/thumbs\/thumbs_fotostusio-hanses-bewerbungsfotos-4.jpg\"\n                    width=\"100\"\n                    height=\"75\"\n                    style=\"max-width:100%;\"\n                \/>\n            <\/a>\n        <\/div>\n\t\t\t\t\t\t\t<\/div> \n\t\t\t\n        \n\t\t\t\t<div id=\"ngg-image-4\" class=\"ngg-gallery-thumbnail-box\" >\n\t\t\t\t        <div class=\"ngg-gallery-thumbnail\">\n            <a href=\"https:\/\/fotostudio-hanses.de\/wp-content\/gallery\/bewerbungsfotos\/fotostusio-hanses-bewerbungsfotos-5.jpg\"\n               title=\"\"\n               data-src=\"https:\/\/fotostudio-hanses.de\/wp-content\/gallery\/bewerbungsfotos\/fotostusio-hanses-bewerbungsfotos-5.jpg\"\n               data-thumbnail=\"https:\/\/fotostudio-hanses.de\/wp-content\/gallery\/bewerbungsfotos\/thumbs\/thumbs_fotostusio-hanses-bewerbungsfotos-5.jpg\"\n               data-image-id=\"428\"\n               data-title=\"fotostusio-hanses-bewerbungsfotos-5\"\n               data-description=\"\"\n               data-image-slug=\"fotostusio-hanses-bewerbungsfotos-5\"\n               class=\"ngg-simplelightbox\" rel=\"d2c7b24f7404d5f330b26570840997c7\">\n                <img\n                    title=\"fotostusio-hanses-bewerbungsfotos-5\"\n                    alt=\"fotostusio-hanses-bewerbungsfotos-5\"\n                    src=\"https:\/\/fotostudio-hanses.de\/wp-content\/gallery\/bewerbungsfotos\/thumbs\/thumbs_fotostusio-hanses-bewerbungsfotos-5.jpg\"\n                    width=\"100\"\n                    height=\"75\"\n                    style=\"max-width:100%;\"\n                \/>\n            <\/a>\n        <\/div>\n\t\t\t\t\t\t\t<\/div> \n\t\t\t\n        \n\t\t\t\t<div id=\"ngg-image-5\" class=\"ngg-gallery-thumbnail-box\" >\n\t\t\t\t        <div class=\"ngg-gallery-thumbnail\">\n            <a href=\"https:\/\/fotostudio-hanses.de\/wp-content\/gallery\/bewerbungsfotos\/fotostusio-hanses-bewerbungsfotos-6.jpg\"\n               title=\"\"\n               data-src=\"https:\/\/fotostudio-hanses.de\/wp-content\/gallery\/bewerbungsfotos\/fotostusio-hanses-bewerbungsfotos-6.jpg\"\n               data-thumbnail=\"https:\/\/fotostudio-hanses.de\/wp-content\/gallery\/bewerbungsfotos\/thumbs\/thumbs_fotostusio-hanses-bewerbungsfotos-6.jpg\"\n               data-image-id=\"429\"\n               data-title=\"fotostusio-hanses-bewerbungsfotos-6\"\n               data-description=\"\"\n               data-image-slug=\"fotostusio-hanses-bewerbungsfotos-6\"\n               class=\"ngg-simplelightbox\" rel=\"d2c7b24f7404d5f330b26570840997c7\">\n                <img\n                    title=\"fotostusio-hanses-bewerbungsfotos-6\"\n                    alt=\"fotostusio-hanses-bewerbungsfotos-6\"\n                    src=\"https:\/\/fotostudio-hanses.de\/wp-content\/gallery\/bewerbungsfotos\/thumbs\/thumbs_fotostusio-hanses-bewerbungsfotos-6.jpg\"\n                    width=\"100\"\n                    height=\"75\"\n                    style=\"max-width:100%;\"\n                \/>\n            <\/a>\n        <\/div>\n\t\t\t\t\t\t\t<\/div> \n\t\t\t\n        \n\t\t\t\t<div id=\"ngg-image-6\" class=\"ngg-gallery-thumbnail-box\" >\n\t\t\t\t        <div class=\"ngg-gallery-thumbnail\">\n            <a href=\"https:\/\/fotostudio-hanses.de\/wp-content\/gallery\/bewerbungsfotos\/fotostusio-hanses-bewerbungsfotos-7.jpg\"\n               title=\"\"\n               data-src=\"https:\/\/fotostudio-hanses.de\/wp-content\/gallery\/bewerbungsfotos\/fotostusio-hanses-bewerbungsfotos-7.jpg\"\n               data-thumbnail=\"https:\/\/fotostudio-hanses.de\/wp-content\/gallery\/bewerbungsfotos\/thumbs\/thumbs_fotostusio-hanses-bewerbungsfotos-7.jpg\"\n               data-image-id=\"430\"\n               data-title=\"fotostusio-hanses-bewerbungsfotos-7\"\n               data-description=\"\"\n               data-image-slug=\"fotostusio-hanses-bewerbungsfotos-7\"\n               class=\"ngg-simplelightbox\" rel=\"d2c7b24f7404d5f330b26570840997c7\">\n                <img\n                    title=\"fotostusio-hanses-bewerbungsfotos-7\"\n                    alt=\"fotostusio-hanses-bewerbungsfotos-7\"\n                    src=\"https:\/\/fotostudio-hanses.de\/wp-content\/gallery\/bewerbungsfotos\/thumbs\/thumbs_fotostusio-hanses-bewerbungsfotos-7.jpg\"\n                    width=\"100\"\n                    height=\"75\"\n                    style=\"max-width:100%;\"\n                \/>\n            <\/a>\n        <\/div>\n\t\t\t\t\t\t\t<\/div> \n\t\t\t\n        \n\t\t\t\t<div id=\"ngg-image-7\" class=\"ngg-gallery-thumbnail-box\" >\n\t\t\t\t        <div class=\"ngg-gallery-thumbnail\">\n            <a href=\"https:\/\/fotostudio-hanses.de\/wp-content\/gallery\/bewerbungsfotos\/fotostusio-hanses-bewerbungsfotos-8.jpg\"\n               title=\"\"\n               data-src=\"https:\/\/fotostudio-hanses.de\/wp-content\/gallery\/bewerbungsfotos\/fotostusio-hanses-bewerbungsfotos-8.jpg\"\n               data-thumbnail=\"https:\/\/fotostudio-hanses.de\/wp-content\/gallery\/bewerbungsfotos\/thumbs\/thumbs_fotostusio-hanses-bewerbungsfotos-8.jpg\"\n               data-image-id=\"431\"\n               data-title=\"fotostusio-hanses-bewerbungsfotos-8\"\n               data-description=\"\"\n               data-image-slug=\"fotostusio-hanses-bewerbungsfotos-8\"\n               class=\"ngg-simplelightbox\" rel=\"d2c7b24f7404d5f330b26570840997c7\">\n                <img\n                    title=\"fotostusio-hanses-bewerbungsfotos-8\"\n                    alt=\"fotostusio-hanses-bewerbungsfotos-8\"\n                    src=\"https:\/\/fotostudio-hanses.de\/wp-content\/gallery\/bewerbungsfotos\/thumbs\/thumbs_fotostusio-hanses-bewerbungsfotos-8.jpg\"\n                    width=\"100\"\n                    height=\"75\"\n                    style=\"max-width:100%;\"\n                \/>\n            <\/a>\n        <\/div>\n\t\t\t\t\t\t\t<\/div> \n\t\t\t\n        \n\t\t\t\t<div id=\"ngg-image-8\" class=\"ngg-gallery-thumbnail-box\" >\n\t\t\t\t        <div class=\"ngg-gallery-thumbnail\">\n            <a href=\"https:\/\/fotostudio-hanses.de\/wp-content\/gallery\/bewerbungsfotos\/fotostusio-hanses-bewerbungsfotos-9.jpg\"\n               title=\"\"\n               data-src=\"https:\/\/fotostudio-hanses.de\/wp-content\/gallery\/bewerbungsfotos\/fotostusio-hanses-bewerbungsfotos-9.jpg\"\n               data-thumbnail=\"https:\/\/fotostudio-hanses.de\/wp-content\/gallery\/bewerbungsfotos\/thumbs\/thumbs_fotostusio-hanses-bewerbungsfotos-9.jpg\"\n               data-image-id=\"432\"\n               data-title=\"fotostusio-hanses-bewerbungsfotos-9\"\n               data-description=\"\"\n               data-image-slug=\"fotostusio-hanses-bewerbungsfotos-9\"\n               class=\"ngg-simplelightbox\" rel=\"d2c7b24f7404d5f330b26570840997c7\">\n                <img\n                    title=\"fotostusio-hanses-bewerbungsfotos-9\"\n                    alt=\"fotostusio-hanses-bewerbungsfotos-9\"\n                    src=\"https:\/\/fotostudio-hanses.de\/wp-content\/gallery\/bewerbungsfotos\/thumbs\/thumbs_fotostusio-hanses-bewerbungsfotos-9.jpg\"\n                    width=\"100\"\n                    height=\"75\"\n                    style=\"max-width:100%;\"\n                \/>\n            <\/a>\n        <\/div>\n\t\t\t\t\t\t\t<\/div> \n\t\t\t\n        \n\t\t\n\t\t<div class=\"ngg-clear\"><\/div>\n\t<\/div>\n\n<p align=\"center\"><strong>F\u00fcr den ersten Eindruck gibt es keine zweite Chance<\/strong><\/p>\n<p align=\"center\"><strong><\/strong>\u00a0 Mehr als ein Schnappschuss<\/p>\n<blockquote><p>Peter Mustermann ist kurz davor, seine Bewerbung abzuschicken. Das Anschreiben hat er fertig, der Lebenslauf ist \u00fcberzeugend,\u00a0die Zeugnisse sind einwandfrei und mit dem Layout der Unterlagen ist er auch zufrieden \u2013 jetzt fehlt nur noch das Foto. Er hat noch Bilder von seinen letzten Bewerbungen, allerdings liegen die schon vier Jahre zur\u00fcck. Eigentlich wollte er ja noch neue machen lassen, aber dazu fehlt ihm jetzt die Zeit. Die Bewerbungsfrist l\u00e4uft \u00fcbermorgen ab. An dem Foto wird es schon nicht scheitern, denkt sich Peter Mustermann, immerhin kommt es doch auf die fachliche Qualifikation an und nicht auf blo\u00dfe \u00c4u\u00dferlichkeiten. Und dass er inzwischen eine Brille tr\u00e4gt, kann so entscheidend nicht sein, oder\u00a0?<\/p>\n<h2><\/h2>\n<\/blockquote>\n","protected":false},"excerpt":{"rendered":"<p>F\u00fcr den ersten Eindruck gibt es keine zweite Chance \u00a0 Mehr als ein Schnappschuss Peter Mustermann ist kurz davor, seine Bewerbung abzuschicken. Das Anschreiben hat er fertig, der Lebenslauf ist \u00fcberzeugend,\u00a0die Zeugnisse sind einwandfrei und mit dem Layout der Unterlagen ist er auch zufrieden \u2013 jetzt fehlt nur noch das &#8230;<\/p>\n","protected":false},"author":2,"featured_media":0,"parent":0,"menu_order":0,"comment_status":"closed","ping_status":"closed","template":"template-full-width.php","meta":{"ngg_post_thumbnail":0,"footnotes":""},"class_list":["post-674","page","type-page","status-publish","hentry","column","twocol"],"_links":{"self":[{"href":"https:\/\/fotostudio-hanses.de\/index.php?rest_route=\/wp\/v2\/pages\/674","targetHints":{"allow":["GET"]}}],"collection":[{"href":"https:\/\/fotostudio-hanses.de\/index.php?rest_route=\/wp\/v2\/pages"}],"about":[{"href":"https:\/\/fotostudio-hanses.de\/index.php?rest_route=\/wp\/v2\/types\/page"}],"author":[{"embeddable":true,"href":"https:\/\/fotostudio-hanses.de\/index.php?rest_route=\/wp\/v2\/users\/2"}],"replies":[{"embeddable":true,"href":"https:\/\/fotostudio-hanses.de\/index.php?rest_route=%2Fwp%2Fv2%2Fcomments&post=674"}],"version-history":[{"count":7,"href":"https:\/\/fotostudio-hanses.de\/index.php?rest_route=\/wp\/v2\/pages\/674\/revisions"}],"predecessor-version":[{"id":807,"href":"https:\/\/fotostudio-hanses.de\/index.php?rest_route=\/wp\/v2\/pages\/674\/revisions\/807"}],"wp:attachment":[{"href":"https:\/\/fotostudio-hanses.de\/index.php?rest_route=%2Fwp%2Fv2%2Fmedia&parent=674"}],"curies":[{"name":"wp","href":"https:\/\/api.w.org\/{rel}","templated":true}]}}