{"id":532,"date":"2012-12-13T18:40:04","date_gmt":"2012-12-13T16:40:04","guid":{"rendered":"http:\/\/fotostudio-hanses.de\/?page_id=532"},"modified":"2012-12-21T17:12:14","modified_gmt":"2012-12-21T15:12:14","slug":"studiofotos-preisen","status":"publish","type":"page","link":"https:\/\/fotostudio-hanses.de\/?page_id=532","title":{"rendered":"Studiofotos Preisen"},"content":{"rendered":"<h4><a title=\"Portraits\" href=\"http:\/\/fotostudio-hanses.de\/?page_id=486\"><img loading=\"lazy\" decoding=\"async\" class=\"alignnone size-large wp-image-607\" title=\"Studio Preisen 2\" src=\"http:\/\/fotostudio-hanses.de\/wp-content\/uploads\/2012\/12\/Studio-Preisen-2-1024x225.jpg\" alt=\"\" width=\"660\" height=\"145\" srcset=\"https:\/\/fotostudio-hanses.de\/wp-content\/uploads\/2012\/12\/Studio-Preisen-2-1024x225.jpg 1024w, https:\/\/fotostudio-hanses.de\/wp-content\/uploads\/2012\/12\/Studio-Preisen-2-300x66.jpg 300w, https:\/\/fotostudio-hanses.de\/wp-content\/uploads\/2012\/12\/Studio-Preisen-2-700x154.jpg 700w, https:\/\/fotostudio-hanses.de\/wp-content\/uploads\/2012\/12\/Studio-Preisen-2-332x73.jpg 332w, https:\/\/fotostudio-hanses.de\/wp-content\/uploads\/2012\/12\/Studio-Preisen-2.jpg 1500w\" sizes=\"auto, (max-width: 660px) 100vw, 660px\" \/><\/a><\/h4>\n<h2><em>Portraits, Baby, Kinder, Schwangerschaft \u00a0\u00a0\u00a0\u00a0Fotoshooting \u00a0 <strong>25 \u20ac<\/strong><\/em><\/h2>\n<h5><\/h5>\n<h5><em>Leistungen :\u00a0\u00a0<\/em><\/h5>\n<h5><em>\u00a0<\/em><em>Dauer : ca.1 Stunde ( Neugeborene meistens l\u00e4nger )<\/em><\/h5>\n<h5><em>ca.\u00a060-80 Bilder zur Auswahl<\/em><\/h5>\n<h5><em>Passwortgesch\u00fctzter Online &#8211; Galerie f\u00fcr 3 Tage\u00a0&#8211; inkl.: 1 Ausgew\u00e4hlte Fotos entwickelt 13&#215;18<\/em><\/h5>\n<h5><em>Jede Weitere Aufnahme\u00a0entwickelt 13&#215;18 <strong>\u00a0 9 \u20ac<\/strong><\/em><\/h5>\n<h5><em>Datei als CD. in maximaler Aufl\u00f6sung von die gekaufte Bilder <strong>\u00a02,50 \u20ac<\/strong><\/em><\/h5>\n<h5><em>\u00a0<\/em><\/h5>\n<p><a href=\"http:\/\/fotostudio-hanses.de\/wp-content\/uploads\/2012\/12\/Studiofotos-preisen-3-Preisen-2.jpg\"><img loading=\"lazy\" decoding=\"async\" class=\"alignnone size-large wp-image-611\" title=\"Studiofotos preisen 3 Preisen 2\" src=\"http:\/\/fotostudio-hanses.de\/wp-content\/uploads\/2012\/12\/Studiofotos-preisen-3-Preisen-2-1024x223.jpg\" alt=\"\" width=\"660\" height=\"143\" srcset=\"https:\/\/fotostudio-hanses.de\/wp-content\/uploads\/2012\/12\/Studiofotos-preisen-3-Preisen-2-1024x223.jpg 1024w, https:\/\/fotostudio-hanses.de\/wp-content\/uploads\/2012\/12\/Studiofotos-preisen-3-Preisen-2-300x65.jpg 300w, https:\/\/fotostudio-hanses.de\/wp-content\/uploads\/2012\/12\/Studiofotos-preisen-3-Preisen-2-700x153.jpg 700w, https:\/\/fotostudio-hanses.de\/wp-content\/uploads\/2012\/12\/Studiofotos-preisen-3-Preisen-2-332x72.jpg 332w, https:\/\/fotostudio-hanses.de\/wp-content\/uploads\/2012\/12\/Studiofotos-preisen-3-Preisen-2.jpg 1500w\" sizes=\"auto, (max-width: 660px) 100vw, 660px\" \/><\/a><\/p>\n<h2>\u00a0<em>Familien und Gruppenfotos Fotoshooting \u00a0 <strong>39 \u20ac<\/strong><\/em><\/h2>\n<h5><em>Leistungen :\u00a0\u00a0<\/em><\/h5>\n<h5><em>\u00a0<\/em><em>Dauer : ca.1 Stunde ca.\u00a060-80 Bilder zur Auswahl<\/em><\/h5>\n<h5><em>\u00a0Passwortgesch\u00fctzter Online &#8211; Galerie f\u00fcr 3 Tage\u00a0&#8211; inkl.: 1 Ausgew\u00e4hlte Fotos entwickelt 13&#215;18<\/em><\/h5>\n<h5><em>Jede Weitere Aufnahme\u00a0entwickelt 13&#215;18 \u00a0<strong> 9 \u20ac<\/strong><\/em><\/h5>\n<h5><em>Datei als CD. in maximaler Aufl\u00f6sung von die gekaufte Bilder<strong> 2,50 \u20ac<\/strong><\/em><\/h5>\n<h5><\/h5>\n<h4><a title=\"Outdoor\" href=\"http:\/\/fotostudio-hanses.de\/?page_id=630\"><img loading=\"lazy\" decoding=\"async\" class=\"alignnone size-large wp-image-614\" title=\"Studiofotos preisen 4 2\" src=\"http:\/\/fotostudio-hanses.de\/wp-content\/uploads\/2012\/12\/Studiofotos-preisen-4-2-1024x223.jpg\" alt=\"\" width=\"660\" height=\"143\" srcset=\"https:\/\/fotostudio-hanses.de\/wp-content\/uploads\/2012\/12\/Studiofotos-preisen-4-2-1024x223.jpg 1024w, https:\/\/fotostudio-hanses.de\/wp-content\/uploads\/2012\/12\/Studiofotos-preisen-4-2-300x65.jpg 300w, https:\/\/fotostudio-hanses.de\/wp-content\/uploads\/2012\/12\/Studiofotos-preisen-4-2-700x152.jpg 700w, https:\/\/fotostudio-hanses.de\/wp-content\/uploads\/2012\/12\/Studiofotos-preisen-4-2-332x72.jpg 332w, https:\/\/fotostudio-hanses.de\/wp-content\/uploads\/2012\/12\/Studiofotos-preisen-4-2.jpg 1500w\" sizes=\"auto, (max-width: 660px) 100vw, 660px\" \/><\/a><\/h4>\n<h2><em>Outdoor- Fotoshooting \u00a0 \u00a0<strong>189 \u20ac\u00a0<\/strong><\/em><\/h2>\n<h5>\u00a0<em>Gemeinsam mit dem Fotografen machen Sie sich auf und entdecken bei einem \u201eFotospaziergang\u201c<\/em><\/h5>\n<h5><em>geheimnisvolle Ecken, romantische Stellen, durchstreifen die Natur oder schlendern durch die Stadt. So <\/em><\/h5>\n<h5><em>lernen sie neue Orte kennen oder besuchen einen Ihrer Lieblingsorte und werden fotografiert. Wie Sie <\/em><\/h5>\n<h5><em>wollen, lassen sie entweder Ihre eigene Ideen und W\u00fcnsche einflie\u00dfen, oder sich vom Fotografen leiten<\/em><\/h5>\n<h5><em>Leistungen :\u00a0<\/em><\/h5>\n<h5><em>Outdoor-Fotoshooting durch professionellen Fotograf (ca 2 Stunden)\u00a0Fahrt zur Wunsch-Location <\/em><\/h5>\n<h5><em>innerhalb der Stadtgrenzen\u00a0der Fotograf kommt auch zu Ihnen nach Hause (Fahrtkosten bis 50 Km <\/em><\/h5>\n<h5><em>kosten frei ab 50km 99, ctn Pro Km )Dauer : ca. 2 Stunde &#8211; ca.\u00a060-120 Bilder zur Auswahl\u00a0<\/em><\/h5>\n<h5><em>Passwortgesch\u00fctzter Online &#8211; Galerie f\u00fcr 3 Tage\u00a0&#8211; inkl.: 5 Ausgew\u00e4hlte Fotos entwickelt 13&#215;18 und auf CD <\/em><\/h5>\n<h5><em>als Datei in maximaler Aufl\u00f6sung.\u00a0Jede Weitere Aufnahme\u00a0entwickelt 13&#215;18\u00a0+ Datei auf CD <strong>4,50\u20ac<\/strong><\/em><\/h5>\n<h4><\/h4>\n<p><a title=\"Akt &amp; Erotik\" href=\"http:\/\/fotostudio-hanses.de\/?page_id=415\"><img loading=\"lazy\" decoding=\"async\" class=\"alignnone size-large wp-image-602\" title=\"Erotik Preisen\" src=\"http:\/\/fotostudio-hanses.de\/wp-content\/uploads\/2012\/12\/Erotik-Preisen-1024x210.jpg\" alt=\"\" width=\"660\" height=\"135\" srcset=\"https:\/\/fotostudio-hanses.de\/wp-content\/uploads\/2012\/12\/Erotik-Preisen-1024x210.jpg 1024w, https:\/\/fotostudio-hanses.de\/wp-content\/uploads\/2012\/12\/Erotik-Preisen-300x61.jpg 300w, https:\/\/fotostudio-hanses.de\/wp-content\/uploads\/2012\/12\/Erotik-Preisen-700x143.jpg 700w, https:\/\/fotostudio-hanses.de\/wp-content\/uploads\/2012\/12\/Erotik-Preisen-332x68.jpg 332w, https:\/\/fotostudio-hanses.de\/wp-content\/uploads\/2012\/12\/Erotik-Preisen.jpg 1500w\" sizes=\"auto, (max-width: 660px) 100vw, 660px\" \/><\/a><\/p>\n<h4><\/h4>\n<h2><em>Akt &amp; Erotik Fotoshooting \u00a0 \u00a0<strong>119 \u20ac<\/strong><\/em><\/h2>\n<h5><em>Leistungen :\u00a0\u00a0<\/em><\/h5>\n<h5><em>\u00a0<\/em><\/h5>\n<h5><em>Dauer : ca.1-2 Stunde ca.\u00a060-120 Bilder zur Auswahl Passwortgesch\u00fctzter Online &#8211; Galerie f\u00fcr 5 Tage\u00a0\u2013 <\/em><\/h5>\n<h5><em>inkl: 5 Ausgew\u00e4hlte Fotos entwickelt 13&#215;18<\/em><\/h5>\n<h5><em>Jede Weitere Aufnahme\u00a0entwickelt 13&#215;18 \u00a0 <strong>9 \u20ac<\/strong><\/em><\/h5>\n<h5><em>Datei als CD. in maximaler Aufl\u00f6sung von die gekaufte Bilder<strong> 2,50 \u20ac<\/strong><\/em><\/h5>\n<h5><em>\u00a0<\/em><\/h5>\n<h6><strong>WEITERE INFORMATIONEN<\/strong><br \/>\nWeitere Abz\u00fcge Ihrer Foto-Serie k\u00f6nnen Sie gerne in unterschiedlichster Gr\u00f6\u00dfe und Technik (Abzug, auf Alu, Leinwand) nachbestellen. Gerne wird Sie Ihr Fotograf beraten und Ihnen ein Angebot machen.<\/h6>\n","protected":false},"excerpt":{"rendered":"<p>Portraits, Baby, Kinder, Schwangerschaft \u00a0\u00a0\u00a0\u00a0Fotoshooting \u00a0 25 \u20ac Leistungen :\u00a0\u00a0 \u00a0Dauer : ca.1 Stunde ( Neugeborene meistens l\u00e4nger ) ca.\u00a060-80 Bilder zur Auswahl Passwortgesch\u00fctzter Online &#8211; Galerie f\u00fcr 3 Tage\u00a0&#8211; inkl.: 1 Ausgew\u00e4hlte Fotos entwickelt 13&#215;18 Jede Weitere Aufnahme\u00a0entwickelt 13&#215;18 \u00a0 9 \u20ac Datei als CD. in maximaler Aufl\u00f6sung von &#8230;<\/p>\n","protected":false},"author":2,"featured_media":0,"parent":491,"menu_order":0,"comment_status":"closed","ping_status":"closed","template":"template-full-width.php","meta":{"ngg_post_thumbnail":0,"footnotes":""},"class_list":["post-532","page","type-page","status-publish","hentry","column","twocol"],"_links":{"self":[{"href":"https:\/\/fotostudio-hanses.de\/index.php?rest_route=\/wp\/v2\/pages\/532","targetHints":{"allow":["GET"]}}],"collection":[{"href":"https:\/\/fotostudio-hanses.de\/index.php?rest_route=\/wp\/v2\/pages"}],"about":[{"href":"https:\/\/fotostudio-hanses.de\/index.php?rest_route=\/wp\/v2\/types\/page"}],"author":[{"embeddable":true,"href":"https:\/\/fotostudio-hanses.de\/index.php?rest_route=\/wp\/v2\/users\/2"}],"replies":[{"embeddable":true,"href":"https:\/\/fotostudio-hanses.de\/index.php?rest_route=%2Fwp%2Fv2%2Fcomments&post=532"}],"version-history":[{"count":72,"href":"https:\/\/fotostudio-hanses.de\/index.php?rest_route=\/wp\/v2\/pages\/532\/revisions"}],"predecessor-version":[{"id":627,"href":"https:\/\/fotostudio-hanses.de\/index.php?rest_route=\/wp\/v2\/pages\/532\/revisions\/627"}],"up":[{"embeddable":true,"href":"https:\/\/fotostudio-hanses.de\/index.php?rest_route=\/wp\/v2\/pages\/491"}],"wp:attachment":[{"href":"https:\/\/fotostudio-hanses.de\/index.php?rest_route=%2Fwp%2Fv2%2Fmedia&parent=532"}],"curies":[{"name":"wp","href":"https:\/\/api.w.org\/{rel}","templated":true}]}}