{"id":495,"date":"2012-12-11T18:29:08","date_gmt":"2012-12-11T16:29:08","guid":{"rendered":"http:\/\/fotostudio-hanses.de\/?page_id=495"},"modified":"2022-02-25T16:36:09","modified_gmt":"2022-02-25T14:36:09","slug":"pass-bewerbungsfotos","status":"publish","type":"page","link":"https:\/\/fotostudio-hanses.de\/?page_id=495","title":{"rendered":"Pass &#038; Bewerbungsfotos"},"content":{"rendered":"<p align=\"center\"><a title=\"Bewerbungsfotos\" href=\"http:\/\/fotostudio-hanses.de\/?p=667\"><img loading=\"lazy\" decoding=\"async\" class=\"alignnone size-large wp-image-681\" title=\"Bewerbungsfotos\" src=\"http:\/\/fotostudio-hanses.de\/wp-content\/uploads\/2012\/12\/Bewerbungsfotos1-1024x420.jpg\" alt=\"\" width=\"660\" height=\"270\" srcset=\"https:\/\/fotostudio-hanses.de\/wp-content\/uploads\/2012\/12\/Bewerbungsfotos1-1024x420.jpg 1024w, https:\/\/fotostudio-hanses.de\/wp-content\/uploads\/2012\/12\/Bewerbungsfotos1-300x123.jpg 300w, https:\/\/fotostudio-hanses.de\/wp-content\/uploads\/2012\/12\/Bewerbungsfotos1-700x287.jpg 700w, https:\/\/fotostudio-hanses.de\/wp-content\/uploads\/2012\/12\/Bewerbungsfotos1-332x136.jpg 332w, https:\/\/fotostudio-hanses.de\/wp-content\/uploads\/2012\/12\/Bewerbungsfotos1.jpg 1500w\" sizes=\"auto, (max-width: 660px) 100vw, 660px\" \/><\/a><\/p>\n<p align=\"center\"><span style=\"text-decoration: underline;\"><strong style=\"font-family: Arial, Helvetica, sans-serif; font-size: x-large;\"> F\u00fcr den ersten Eindruck gibt es keine zweite Chance<\/strong><\/span><\/p>\n<p style=\"text-align: center;\" align=\"center\"><span style=\"color: #3366ff; font-weight: 600;\">\u00a0<span style=\"color: #ff0000;\"> Mehr als ein Schnappschuss<\/span><\/span><\/p>\n<h2 style=\"padding-left: 30px;\"><span style=\"color: #0000ff;\"><strong>Preisliste f\u00fcr Bewerbungsfotos<\/strong><\/span><\/h2>\n<h4><span style=\"color: #0000ff;\">\u00a0<\/span><\/h4>\n<h4 style=\"padding-left: 30px;\"><strong>Professionelle Bewerbungsfotos &#8230;damit Sie erfolgreich ankommen!<\/strong><\/h4>\n<h4 style=\"padding-left: 30px;\"><strong>\u00a0<\/strong><strong><span style=\"text-decoration: underline;\">6 x 4,5 cm\u00a0Bewerbungsfotos\u00a0<\/span><\/strong>(\u00a0Aus einer Auswahl\u00a0 von Portraitaufnahmen das richtige Bewerbungsfoto am Monitor ausw\u00e4hlen.\u00a0 )<\/h4>\n<h4 style=\"padding-left: 30px;\"><strong>2\u00a0 S<\/strong><strong>t\u00fcck\u00a0<\/strong><strong>\u00a0\u00a0<\/strong><strong>19,00 \u20ac<\/strong><\/h4>\n<h4 style=\"padding-left: 30px;\"><strong>4\u00a0 S<\/strong><strong>t\u00fcck\u00a0<\/strong><strong>\u00a0 25<\/strong><strong>,00 \u20ac<\/strong><\/h4>\n<h4 style=\"padding-left: 30px;\"><strong>8 S<\/strong><strong>t\u00fcck\u00a0<\/strong><strong>\u00a0 30<\/strong><strong>,00\u00a0<\/strong><\/h4>\n<h4 style=\"padding-left: 30px;\"><strong>12 St\u00fcck\u00a0 35,00 \u20ac<\/strong><\/h4>\n<h4 style=\"padding-left: 30px;\"><strong style=\"font-family: Oswald, sans-serif; font-size: 18px; line-height: 1.62em;\">16 S<\/strong><strong style=\"font-family: Oswald, sans-serif; font-size: 18px; line-height: 1.62em;\">t\u00fcck\u00a0<\/strong><strong style=\"font-family: Oswald, sans-serif; font-size: 18px; line-height: 1.62em;\">\u00a045<\/strong><strong style=\"font-family: Oswald, sans-serif; font-size: 18px; line-height: 1.62em;\">,00 \u20ac<\/strong><\/h4>\n<h4 style=\"padding-left: 30px;\"><strong><span style=\"text-decoration: underline;\">Bewerbungsfotos: nur die Datei auf CD<\/span>\u00a0 25,00 \u20ac<\/strong><\/h4>\n<h4 style=\"text-align: left; padding-left: 30px;\" align=\"center\"><span style=\"color: #ff0000;\"><strong>Vorteilspaket &#8211; Basis \u00a0 \u00a0 \u00a0 \u00a0 \u00a0 \u00a0 \u00a0 \u00a0 \u00a0 \u00a0 \u00a0<\/strong><\/span><span style=\"color: #ff0000;\"><strong>Vorteilspaket &#8211; Premium<\/strong><\/span><\/h4>\n<h4 style=\"text-align: left; padding-left: 30px;\" align=\"center\"><strong><strong><em>2 Bewerbungsfotos \u00a0 \u00a0 \u00a0 \u00a0 \u00a0 \u00a0 \u00a0 \u00a0 \u00a0 \u00a0 \u00a0 \u00a0 4 Bewerbungsfotos<\/em><\/strong><\/strong><\/h4>\n<h4 style=\"text-align: left; padding-left: 30px;\" align=\"center\"><strong>+ Datei auf CD<\/strong><strong><em>\u00a0 \u00a0 \u00a0 \u00a0 \u00a0 \u00a0 \u00a0 \u00a0 \u00a0 \u00a0 \u00a0 \u00a0 \u00a0 \u00a0 \u00a0 \u00a0 + Datei auf CD<\/em><\/strong><\/h4>\n<h4 style=\"text-align: left; padding-left: 30px;\" align=\"center\"><strong><em>30 \u20ac\u00a0 \u00a0 \u00a0 \u00a0 \u00a0 \u00a0 \u00a0 \u00a0 \u00a0 \u00a0 \u00a0 \u00a0 \u00a0 \u00a0 \u00a0 \u00a0 \u00a0 \u00a0 \u00a0 \u00a0 \u00a0 \u00a0 \u00a0 \u00a035 \u20ac \u00a0 \u00a0 \u00a0 \u00a0 \u00a0 \u00a0 \u00a0\u00a0<\/em><\/strong><\/h4>\n<h4 style=\"padding-left: 30px;\" align=\"center\"><\/h4>\n<p style=\"padding-left: 30px;\"><img loading=\"lazy\" decoding=\"async\" class=\"alignnone size-large wp-image-683\" style=\"padding: 5.266666889190674px; background-color: #f0f0f0;\" title=\"Passfotos\" src=\"http:\/\/fotostudio-hanses.de\/wp-content\/uploads\/2012\/12\/Starzeite-1024x396.jpg\" alt=\"\" width=\"660\" height=\"255\" srcset=\"https:\/\/fotostudio-hanses.de\/wp-content\/uploads\/2012\/12\/Starzeite-1024x396.jpg 1024w, https:\/\/fotostudio-hanses.de\/wp-content\/uploads\/2012\/12\/Starzeite-300x116.jpg 300w, https:\/\/fotostudio-hanses.de\/wp-content\/uploads\/2012\/12\/Starzeite-700x271.jpg 700w, https:\/\/fotostudio-hanses.de\/wp-content\/uploads\/2012\/12\/Starzeite-332x128.jpg 332w, https:\/\/fotostudio-hanses.de\/wp-content\/uploads\/2012\/12\/Starzeite.jpg 1500w\" sizes=\"auto, (max-width: 660px) 100vw, 660px\" \/><\/p>\n<h4 style=\"padding-left: 30px;\"><strong><a href=\"http:\/\/www.ringfoto-hentzschels.de\/foto-studio\/passbilder-mit-garantie\">P<\/a><a href=\"http:\/\/www.ringfoto-hentzschels.de\/foto-studio\/passbilder-mit-garantie\">assbilder mit Garantie<\/a>:<\/strong>\u00a0Wir bieten Ihnen zu diesen Fotos eine Garantie. Sollte einmal ein Amt oder eine Beh\u00f6rde Ihre Bilder begr\u00fcndet zur\u00fcckweisen, fertigen wir Ihnen diese Passfotos noch einmal.<\/h4>\n<h2 style=\"padding-left: 30px;\"><\/h2>\n<h2 style=\"padding-left: 30px;\"><strong><span style=\"color: #0000ff;\">Preisliste f\u00fcr Passbilder<\/span>\u00a0<\/strong><\/h2>\n<h4 style=\"padding-left: 30px;\"><span style=\"text-decoration: underline;\"><strong>Biometrische Passbilder\u00a0 3,5 x 4,5 cm<\/strong><\/span><\/h4>\n<h4 style=\"padding-left: 30px;\">( f\u00fcr Personalausweis, Reisepass, Krankenkarte, F\u00fchrerschein, und Visum . )<\/h4>\n<h4 style=\"padding-left: 30px;\"><strong>4 St\u00fcck \u00a015,00 \u20ac \u00a0 \u00a0<\/strong><\/h4>\n<h4 style=\"padding-left: 30px;\"><strong><span style=\"color: #000000;\">8 St\u00fcck \u00a018,00 \u20ac<\/span><\/strong><\/h4>\n<h4 style=\"padding-left: 30px;\"><\/h4>\n<h4 style=\"padding-left: 30px;\"><span style=\"text-decoration: underline;\"><strong>Kombipaket<\/strong><\/span><\/h4>\n<h4 style=\"padding-left: 30px;\"><strong>2 biometrische\u00a0 und 2\u00a0<\/strong><strong>klassische Passfotos 4,5 x 3,5 cm <\/strong><\/h4>\n<h4 style=\"padding-left: 30px;\"><strong>\u00a017,00 \u20ac<\/strong><\/h4>\n<h4 style=\"padding-left: 30px;\"><\/h4>\n<h4 style=\"padding-left: 30px;\"><span style=\"text-decoration: underline;\"><strong>USA und Indien<\/strong><\/span><\/h4>\n<h4 style=\"padding-left: 30px;\"><strong>Passbilder 5,01 x 5,1 cm\u00a0<\/strong>( Visum USA und Indien )<\/h4>\n<h4 style=\"padding-left: 30px;\"><strong>4 St\u00fcck\u00a0<\/strong><strong>19,00 \u20ac<\/strong><\/h4>\n<h4 style=\"padding-left: 30px;\"><strong>8 St\u00fcck 25,00 \u20ac<\/strong><\/h4>\n<h4 style=\"padding-left: 30px;\"><\/h4>\n<h3 style=\"padding-left: 30px;\"><span style=\"color: #808080;\"><strong>Internationale Passfotos!<\/strong><\/span><\/h3>\n<p style=\"padding-left: 30px;\"><strong>Wir fertigen Ihnen nat\u00fcrlich auch die korrekten Passfotos f\u00fcr alle internationalen Dokumente. F\u00fcr die meisten L\u00e4nder und Regionen haben wir die korrekten Daten und Vorschriften und k\u00f6nnen Ihnen die Fotos in der geforderten Gr\u00f6\u00dfe und Position fertigen.<a title=\"zur Kontaktseite\" href=\"http:\/\/www.ringfoto-hentzschels.de\/component\/contact\/12-kontakte\/2-ringfotohentzschelsde\">\u00a0<\/a><a href=\"mailto:info@fotostudio-hanses.de\">Fragen Sie uns.<\/a><\/strong><\/p>\n","protected":false},"excerpt":{"rendered":"<p>F\u00fcr den ersten Eindruck gibt es keine zweite Chance \u00a0 Mehr als ein Schnappschuss Preisliste f\u00fcr Bewerbungsfotos \u00a0 Professionelle Bewerbungsfotos &#8230;damit Sie erfolgreich ankommen! \u00a06 x 4,5 cm\u00a0Bewerbungsfotos\u00a0(\u00a0Aus einer Auswahl\u00a0 von Portraitaufnahmen das richtige Bewerbungsfoto am Monitor ausw\u00e4hlen.\u00a0 ) 2\u00a0 St\u00fcck\u00a0\u00a0\u00a019,00 \u20ac 4\u00a0 St\u00fcck\u00a0\u00a0 25,00 \u20ac 8 St\u00fcck\u00a0\u00a0 30,00\u00a0 12 &#8230;<\/p>\n","protected":false},"author":2,"featured_media":0,"parent":0,"menu_order":0,"comment_status":"closed","ping_status":"closed","template":"template-full-width.php","meta":{"ngg_post_thumbnail":0,"footnotes":""},"class_list":["post-495","page","type-page","status-publish","hentry","column","twocol"],"_links":{"self":[{"href":"https:\/\/fotostudio-hanses.de\/index.php?rest_route=\/wp\/v2\/pages\/495","targetHints":{"allow":["GET"]}}],"collection":[{"href":"https:\/\/fotostudio-hanses.de\/index.php?rest_route=\/wp\/v2\/pages"}],"about":[{"href":"https:\/\/fotostudio-hanses.de\/index.php?rest_route=\/wp\/v2\/types\/page"}],"author":[{"embeddable":true,"href":"https:\/\/fotostudio-hanses.de\/index.php?rest_route=\/wp\/v2\/users\/2"}],"replies":[{"embeddable":true,"href":"https:\/\/fotostudio-hanses.de\/index.php?rest_route=%2Fwp%2Fv2%2Fcomments&post=495"}],"version-history":[{"count":24,"href":"https:\/\/fotostudio-hanses.de\/index.php?rest_route=\/wp\/v2\/pages\/495\/revisions"}],"predecessor-version":[{"id":975,"href":"https:\/\/fotostudio-hanses.de\/index.php?rest_route=\/wp\/v2\/pages\/495\/revisions\/975"}],"wp:attachment":[{"href":"https:\/\/fotostudio-hanses.de\/index.php?rest_route=%2Fwp%2Fv2%2Fmedia&parent=495"}],"curies":[{"name":"wp","href":"https:\/\/api.w.org\/{rel}","templated":true}]}}