{"id":164,"date":"2012-12-04T12:09:52","date_gmt":"2012-12-04T10:09:52","guid":{"rendered":"http:\/\/fotostudio-hanses.de\/?page_id=164"},"modified":"2015-01-20T12:40:52","modified_gmt":"2015-01-20T10:40:52","slug":"impressum","status":"publish","type":"page","link":"https:\/\/fotostudio-hanses.de\/?page_id=164","title":{"rendered":"Impressum"},"content":{"rendered":"<p>Inhaber:<\/p>\n<p>Osmaro Hanses<\/p>\n<p>Sch\u00f6tmarsche Str 18<\/p>\n<p>33818 \u00a0Leopoldsh\u00f6he<\/p>\n<p><strong><em>\u00d6ffnungszeiten: Mo \u2013 Fr 9:00 \u2013 13:00 Uhr und 14:00 \u2013 18:00 Uhr, Sa 9:30 \u2013 13:00 Uhr<\/em><br \/>\n(sowie Termine nach Vereinbarung)<\/strong><\/p>\n<p>Telefon : 05208 \/226488<\/p>\n<p><a href=\"mailto: info@foto-olokun.de\">info@fotostudio-hanses.de<\/a><\/p>\n<p>Handwerkskammer OWL zu Bielefeld: Betriebsnummer 703743<\/p>\n<p><em>Steuernummer: 313\/5138\/1560<\/em><\/p>\n<form action=\"http:\/\/www.fotostudio-hanses.de\/seiten\/Impressum.htm\" method=\"post\" name=\"form3\"><strong>URHERBERRECHT:<\/strong>\u00a0Alle Inhalte dieser Webseite unterliegen dem Urheberrecht. Die Verwendung von Bilddateien oder Texten, auch auszugsweise oder unter der Angabe der Quelle, bedarf meiner ausdr\u00fccklichen schriftlichen Zustimmung.<br \/>\nDatenschutzhinweis: Ihre Daten werden nur zur Abwicklung von Verkaufs- und Versandauftr\u00e4gen verwendet. Die Durchf\u00fchrung der Speicherung und Datenverarbeitung personenbezogener Daten erfolgt nur f\u00fcr eigene Zwecke. In keinem Falle werden wir Ihre personenbezogenen Daten verkaufen, anderweitig vermarkten oder in sonstiger Weise Dritten \u00fcberlassen.<br \/>\nHaftungshinweis: Trotz sorgf\u00e4ltiger inhaltlicher Kontrolle \u00fcbernehmen wir keine Haftung f\u00fcr die Inhalte externer Links. F\u00fcr den Inhalt der verlinkten Seiten sind ausschlie\u00dflich deren Betreiber verantwortlich.<\/form>\n<p>&nbsp;<\/p>\n","protected":false},"excerpt":{"rendered":"<p>Inhaber: Osmaro Hanses Sch\u00f6tmarsche Str 18 33818 \u00a0Leopoldsh\u00f6he \u00d6ffnungszeiten: Mo \u2013 Fr 9:00 \u2013 13:00 Uhr und 14:00 \u2013 18:00 Uhr, Sa 9:30 \u2013 13:00 Uhr (sowie Termine nach Vereinbarung) Telefon : 05208 \/226488 info@fotostudio-hanses.de Handwerkskammer OWL zu Bielefeld: Betriebsnummer 703743 Steuernummer: 313\/5138\/1560 URHERBERRECHT:\u00a0Alle Inhalte dieser Webseite unterliegen dem Urheberrecht. &#8230;<\/p>\n","protected":false},"author":2,"featured_media":0,"parent":0,"menu_order":0,"comment_status":"closed","ping_status":"closed","template":"template-full-width.php","meta":{"ngg_post_thumbnail":0,"footnotes":""},"class_list":["post-164","page","type-page","status-publish","hentry","column","twocol"],"_links":{"self":[{"href":"https:\/\/fotostudio-hanses.de\/index.php?rest_route=\/wp\/v2\/pages\/164","targetHints":{"allow":["GET"]}}],"collection":[{"href":"https:\/\/fotostudio-hanses.de\/index.php?rest_route=\/wp\/v2\/pages"}],"about":[{"href":"https:\/\/fotostudio-hanses.de\/index.php?rest_route=\/wp\/v2\/types\/page"}],"author":[{"embeddable":true,"href":"https:\/\/fotostudio-hanses.de\/index.php?rest_route=\/wp\/v2\/users\/2"}],"replies":[{"embeddable":true,"href":"https:\/\/fotostudio-hanses.de\/index.php?rest_route=%2Fwp%2Fv2%2Fcomments&post=164"}],"version-history":[{"count":10,"href":"https:\/\/fotostudio-hanses.de\/index.php?rest_route=\/wp\/v2\/pages\/164\/revisions"}],"predecessor-version":[{"id":950,"href":"https:\/\/fotostudio-hanses.de\/index.php?rest_route=\/wp\/v2\/pages\/164\/revisions\/950"}],"wp:attachment":[{"href":"https:\/\/fotostudio-hanses.de\/index.php?rest_route=%2Fwp%2Fv2%2Fmedia&parent=164"}],"curies":[{"name":"wp","href":"https:\/\/api.w.org\/{rel}","templated":true}]}}