{"id":13,"date":"2012-10-21T15:51:28","date_gmt":"2012-10-21T13:51:28","guid":{"rendered":"http:\/\/fotostudio-hanses.de\/?page_id=13"},"modified":"2014-04-10T19:46:51","modified_gmt":"2014-04-10T17:46:51","slug":"services","status":"publish","type":"page","link":"https:\/\/fotostudio-hanses.de\/?page_id=13","title":{"rendered":"Fotoparty"},"content":{"rendered":"<h4><strong style=\"font-family: Oswald, sans-serif; font-size: 18px; line-height: 1.62em;\">Toller Abend mit viel Spa\u00df und einzigartigen Fotos mit guten Freundinnen und Freunden:<\/strong><\/h4>\n<p><a href=\"http:\/\/fotostudio-hanses.de\/wp-content\/uploads\/2012\/12\/Fotoparty.jpg\"><img loading=\"lazy\" decoding=\"async\" class=\"alignnone size-full wp-image-465\" title=\"Fotoparty\" src=\"http:\/\/fotostudio-hanses.de\/wp-content\/uploads\/2012\/12\/Fotoparty.jpg\" alt=\"\" width=\"1500\" height=\"495\" srcset=\"https:\/\/fotostudio-hanses.de\/wp-content\/uploads\/2012\/12\/Fotoparty.jpg 1500w, https:\/\/fotostudio-hanses.de\/wp-content\/uploads\/2012\/12\/Fotoparty-300x99.jpg 300w, https:\/\/fotostudio-hanses.de\/wp-content\/uploads\/2012\/12\/Fotoparty-1024x337.jpg 1024w, https:\/\/fotostudio-hanses.de\/wp-content\/uploads\/2012\/12\/Fotoparty-700x231.jpg 700w, https:\/\/fotostudio-hanses.de\/wp-content\/uploads\/2012\/12\/Fotoparty-332x109.jpg 332w\" sizes=\"auto, (max-width: 1500px) 100vw, 1500px\" \/><\/a><\/p>\n<p>&nbsp;<\/p>\n<p>Ein ausgefallenes Geschenk zum Geburtstag \u00a0? Mal ein ganz anderer Junggesellenabschied ?<\/p>\n<p>Oder ein au\u00dfergew\u00f6hnliches Geschenk zum Abitur ? &#8230;..<\/p>\n<p>Das professionelle Fotoshooting \u00fcber drei bis vier Stunden mit tollen Fotos: Unser Team besteht aus einem kreativen Fotografen\u00a0und einer erfahrenen Visagistin.<\/p>\n<p><em style=\"font-family: Oswald, sans-serif; font-size: 18px; line-height: 1.62em;\">Auf unseren Fotopartys (maximal 6 Personen), gemeinsam mit \u00a0den besten Freundinnen\/ Freunden oder \u00a0netten Kolleginnen machen wir \u00a0unvergessliche Aufnahmen. \u00a0Genie\u00dft\u00a0<\/em><em style=\"font-family: Oswald, sans-serif; font-size: 18px; line-height: 1.62em;\">einen Abend in entspannter Atmosph\u00e4re, bei einem Glas Prosecco und in netter Gesellschaft!<\/em><\/p>\n<p>Die gemeinsame Fotosession bringt viel Spa\u00df. Entdeckt zusammen neue oder unerwartete Seiten an Euch. Wir setzen Euch ins richtige Licht: kunstvoll, interessant, spontan, witzig, cool, sinnlich\u2026 Ihr bringt gute Laune mit und wir stellen Euch unsere Kompetenz und unsere professionelle Ausstattung zur Verf\u00fcgung.<\/p>\n<p>Gerne kommen wir zu Euch. F\u00fcr die Aufnahmen ben\u00f6tigen wir einen Freiraum von mindestens \u00a03 m x 5 m. Dar\u00fcber hinaus sollte es gem\u00fctliche Sitzgelegenheiten geben. Vorteilhaft ist auch ein Nebenraum zum Umkleiden. Ggf. kann auch der Kontakt zu geeigneten Mietr\u00e4umen hergestellt werden.<\/p>\n<p>Als Gastgeber\/-in bekommst du f\u00fcr den Empfang und die Bewirtung von uns f\u00fcnf Fotos als Geschenk.<\/p>\n<p>Neugierig gemacht ? Dann ruf uns an.<\/p>\n<p><em style=\"font-family: Oswald, sans-serif; font-size: 18px; letter-spacing: 1px; line-height: 1.62em; font-weight: bold;\">Wir freuen uns auf einen kreativen Abend mit Euch!<\/em><\/p>\n<p>&nbsp;<\/p>\n","protected":false},"excerpt":{"rendered":"<p>Toller Abend mit viel Spa\u00df und einzigartigen Fotos mit guten Freundinnen und Freunden: &nbsp; Ein ausgefallenes Geschenk zum Geburtstag \u00a0? Mal ein ganz anderer Junggesellenabschied ? Oder ein au\u00dfergew\u00f6hnliches Geschenk zum Abitur ? &#8230;.. Das professionelle Fotoshooting \u00fcber drei bis vier Stunden mit tollen Fotos: Unser Team besteht aus einem &#8230;<\/p>\n","protected":false},"author":1,"featured_media":0,"parent":0,"menu_order":0,"comment_status":"closed","ping_status":"closed","template":"template-full-width.php","meta":{"ngg_post_thumbnail":0,"footnotes":""},"class_list":["post-13","page","type-page","status-publish","hentry","column","twocol"],"_links":{"self":[{"href":"https:\/\/fotostudio-hanses.de\/index.php?rest_route=\/wp\/v2\/pages\/13","targetHints":{"allow":["GET"]}}],"collection":[{"href":"https:\/\/fotostudio-hanses.de\/index.php?rest_route=\/wp\/v2\/pages"}],"about":[{"href":"https:\/\/fotostudio-hanses.de\/index.php?rest_route=\/wp\/v2\/types\/page"}],"author":[{"embeddable":true,"href":"https:\/\/fotostudio-hanses.de\/index.php?rest_route=\/wp\/v2\/users\/1"}],"replies":[{"embeddable":true,"href":"https:\/\/fotostudio-hanses.de\/index.php?rest_route=%2Fwp%2Fv2%2Fcomments&post=13"}],"version-history":[{"count":19,"href":"https:\/\/fotostudio-hanses.de\/index.php?rest_route=\/wp\/v2\/pages\/13\/revisions"}],"predecessor-version":[{"id":76,"href":"https:\/\/fotostudio-hanses.de\/index.php?rest_route=\/wp\/v2\/pages\/13\/revisions\/76"}],"wp:attachment":[{"href":"https:\/\/fotostudio-hanses.de\/index.php?rest_route=%2Fwp%2Fv2%2Fmedia&parent=13"}],"curies":[{"name":"wp","href":"https:\/\/api.w.org\/{rel}","templated":true}]}}